{"id":404,"date":"2018-12-24T16:17:57","date_gmt":"2018-12-24T16:17:57","guid":{"rendered":"https:\/\/baseballwestisland.com\/debutants\/"},"modified":"2026-03-02T15:58:11","modified_gmt":"2026-03-02T15:58:11","slug":"debutants","status":"publish","type":"page","link":"https:\/\/www.baseballwestisland.com\/fr\/debutants\/","title":{"rendered":"Novice Rallye Cap"},"content":{"rendered":"<h2>Informations &#8211; Saison 2026 Rallye Cap<\/h2>\n<p data-start=\"116\" data-end=\"192\">Le programme Rallye Cap s\u2019adresse aux enfants n\u00e9s en <strong data-start=\"169\" data-end=\"191\">2019, 2020 ou 2021<\/strong>.<\/p>\n<p data-start=\"194\" data-end=\"246\">La saison se d\u00e9roulera du <strong data-start=\"220\" data-end=\"245\">18 mai au 8 ao\u00fbt 2026<\/strong>.<\/p>\n<p data-start=\"248\" data-end=\"317\">Les joueurs seront inscrits dans l\u2019un des groupes horaires suivants :<\/p>\n<h4 data-start=\"319\" data-end=\"330\">Samedis<\/h4>\n<p data-start=\"331\" data-end=\"369\">9 h 00 \u2013 10 h 00 (Groupe 1)<br data-start=\"347\" data-end=\"350\" \/>10 h 00 \u2013 11 h 00 (Groupe 2)<\/p>\n<h4 data-start=\"371\" data-end=\"381\">Lundis<\/h4>\n<p data-start=\"382\" data-end=\"421\">18 h 00 \u2013 19 h 00 (Groupe 1)<br data-start=\"399\" data-end=\"402\" \/>19 h 00 \u2013 20 h 00 (Groupe 2)<\/p>\n<p data-start=\"423\" data-end=\"449\"><strong data-start=\"423\" data-end=\"433\">Lieu :<\/strong> <a href=\"https:\/\/share.google\/iOuNBwbIVDfDGzdFT\" target=\"_blank\" rel=\"noopener\">Parc Seignory<\/a><\/p>\n<hr data-start=\"451\" data-end=\"454\" \/>\n<h4 data-start=\"456\" data-end=\"476\">\u00c9quipement requis<\/h4>\n<ul data-start=\"478\" data-end=\"589\">\n<li data-start=\"478\" data-end=\"512\">\n<p data-start=\"480\" data-end=\"512\">Gant de baseball (obligatoire)<\/p>\n<\/li>\n<li data-start=\"513\" data-end=\"563\">\n<p data-start=\"515\" data-end=\"563\">Crampons de soccer ou de baseball (facultatif)<\/p>\n<\/li>\n<li data-start=\"564\" data-end=\"589\">\n<p data-start=\"566\" data-end=\"589\">L\u2019uniforme est fourni<\/p>\n<\/li>\n<\/ul>\n<hr data-start=\"591\" data-end=\"594\" \/>\n<h4 data-start=\"596\" data-end=\"623\">Description du programme<\/h4>\n<p data-start=\"625\" data-end=\"702\">Ce programme constitue une introduction amusante et accueillante au baseball.<\/p>\n<p data-start=\"704\" data-end=\"940\">Chaque enfant doit \u00eatre accompagn\u00e9 d\u2019un parent sur le terrain en tout temps, pour des raisons de s\u00e9curit\u00e9 et d\u2019organisation. Les joueurs pratiqueront les bases du baseball avec leur parent et participeront \u00e0 de courtes parties amicales.<\/p>\n<p data-start=\"942\" data-end=\"1085\">Il n\u2019y a pas d\u2019\u00e9quipes officielles ni de matchs comp\u00e9titifs \u00e0 ce niveau \u2014 l\u2019accent est mis sur l\u2019apprentissage, la participation et le plaisir.<\/p>\n<p data-start=\"1087\" data-end=\"1211\" data-is-last-node=\"\" data-is-only-node=\"\">Aucune exp\u00e9rience en baseball n\u2019est requise pour les parents. Apportez simplement votre gant et venez vous amuser ensemble !<\/p>\n<p>Les inscriptions au programme Rallye Cap sont ouvertes\u00a0! <a href=\"https:\/\/page.spordle.com\/corporation-baseball-west-island\/register\" target=\"_blank\" rel=\"noopener\">Cliquez ici<\/a> pour inscrire votre enfant et <a href=\"https:\/\/preview.mailerlite.io\/forms\/722668\/175592038510625906\/share\" target=\"_blank\" rel=\"noopener\">ici<\/a> pour recevoir notre infolettre.<\/p>\n","protected":false},"excerpt":{"rendered":"<p>Informations &#8211; Saison 2026 Rallye Cap Le programme Rallye Cap s\u2019adresse aux enfants n\u00e9s en 2019, 2020 ou 2021. La saison se d\u00e9roulera du 18 mai au 8 ao\u00fbt 2026. Les joueurs seront inscrits dans l\u2019un des groupes horaires suivants : Samedis 9 h 00 \u2013 10 h 00 (Groupe 1)10 h 00 \u2013 11&#8230;<\/p>\n","protected":false},"author":4,"featured_media":0,"parent":0,"menu_order":0,"comment_status":"closed","ping_status":"closed","template":"","meta":{"footnotes":""},"class_list":["post-404","page","type-page","status-publish","hentry"],"_links":{"self":[{"href":"https:\/\/www.baseballwestisland.com\/fr\/wp-json\/wp\/v2\/pages\/404","targetHints":{"allow":["GET"]}}],"collection":[{"href":"https:\/\/www.baseballwestisland.com\/fr\/wp-json\/wp\/v2\/pages"}],"about":[{"href":"https:\/\/www.baseballwestisland.com\/fr\/wp-json\/wp\/v2\/types\/page"}],"author":[{"embeddable":true,"href":"https:\/\/www.baseballwestisland.com\/fr\/wp-json\/wp\/v2\/users\/4"}],"replies":[{"embeddable":true,"href":"https:\/\/www.baseballwestisland.com\/fr\/wp-json\/wp\/v2\/comments?post=404"}],"version-history":[{"count":32,"href":"https:\/\/www.baseballwestisland.com\/fr\/wp-json\/wp\/v2\/pages\/404\/revisions"}],"predecessor-version":[{"id":5347,"href":"https:\/\/www.baseballwestisland.com\/fr\/wp-json\/wp\/v2\/pages\/404\/revisions\/5347"}],"wp:attachment":[{"href":"https:\/\/www.baseballwestisland.com\/fr\/wp-json\/wp\/v2\/media?parent=404"}],"curies":[{"name":"wp","href":"https:\/\/api.w.org\/{rel}","templated":true}]}}