{"id":494,"date":"2019-01-08T13:44:55","date_gmt":"2019-01-08T13:44:55","guid":{"rendered":"https:\/\/baseballwestisland.com\/?page_id=494"},"modified":"2026-01-25T00:05:28","modified_gmt":"2026-01-25T00:05:28","slug":"girls-baseball","status":"publish","type":"page","link":"https:\/\/www.baseballwestisland.com\/fr\/girls-baseball\/","title":{"rendered":"Baseball pour filles"},"content":{"rendered":"<div class=\"wpb-content-wrapper\"><p>[vc_row][vc_column][vc_column_text]<\/p>\n<h3>Informations pour la Saison 2026<\/h3>\n<p><span lang=\"FR\">Les essais pour nos \u00e9quipes r\u00e9gionales f\u00e9minines (nos \u00e9quipes \u00ab\u00a0A\u00a0\u00bb) en divisions 11U, 13U et 15U auront lieu aux dates suivantes:<\/span><\/p>\n<ul>\n<li><span lang=\"FR\">\u00a0<\/span>Dim 15 mars 8:30-12:30 St. Thomas High School, Pointe-Claire (gymnase inf\u00e9rieur)<\/li>\n<li>Sam 21 mars 15:00-19:00 Pierrefonds Community HS Gym<\/li>\n<li>Dim 22 mars 15:00-19:00 Pierrefonds Community HS Gym<\/li>\n<li>Dim 29 mars 8:30- 12:30 St. Thomas High School, Pointe-Claire (gymnase inf\u00e9rieur)<\/li>\n<\/ul>\n<p><span lang=\"FR\">\u00a0<\/span><span lang=\"FR\">Chaque joueuse sera en p\u00e9riode d&rsquo;essai au maximum pendant 120 minutes par s\u00e9ance.\u00a0<\/span><\/p>\n<p><span lang=\"FR\">\u00a0<\/span><span lang=\"FR\">On s&rsquo;inscrit au lien suivant au plus tard le\u00a0<b>1er mars<\/b>: <a href=\"https:\/\/forms.gle\/Ni1kCfuXKzN5nMtg9\" target=\"_blank\" rel=\"noopener\">https:\/\/forms.gle\/Ni1kCfuXKzN5nMtg9<\/a><\/span><\/p>\n<p><span lang=\"FR\">\u00a0<\/span><span lang=\"FR\">Les frais sont de 50$<\/span><span lang=\"FR\">, payables au plus tard le 1er mars (voir d\u00e9tails au formulaire d&rsquo;inscription).<\/span><\/p>\n<p><span lang=\"FR\">\u00a0<\/span><b><u><span lang=\"FR\">Quelques points essentiels \u00e0 noter<\/span><\/u><\/b><b><span lang=\"FR\">:<\/span><\/b><\/p>\n<p><span lang=\"FR\">\u00a0<\/span><span lang=\"FR\">1.\u00a0<b>Une fille s&rsquo;inscrivant aux essais f\u00e9minins A s&rsquo;engage,\u00a0<u>si retranch\u00e9e<\/u>, \u00e0 \u00e9voluer dans le f\u00e9minin B<\/b>\u00a0(dans la mesure o\u00f9 son association ou des associations voisines forment une \u00e9quipe f\u00e9minine).<\/span><\/p>\n<p><span lang=\"FR\">\u00a0<\/span><span lang=\"FR\">2. La r\u00e9gion s&rsquo;attend \u00e0 ce que les filles \u00e9voluant en classe A\u00a0<b>s&rsquo;engagent \u00e0 assister r\u00e9guli\u00e8rement aux matchs et aux pratiques<\/b>\u00a0de leur \u00e9quipe. La classe A du volet f\u00e9minin regroupe la plupart des meilleures joueuses de la r\u00e9gion. Les filles doivent s&rsquo;y engager s\u00e9rieusement.<\/span><\/p>\n<p><span lang=\"FR\">\u00a0<\/span><span lang=\"FR\">3.\u00a0<b>Les championnats provinciaux de baseball f\u00e9minin\u00a0<\/b>auront lieu,<b>\u00a0dans le 11-13U,\u00a0<\/b>du 11 au 13 septembre,\u00a0<b>et dans le 15U<\/b>, du 18 au 20 septembre. Emplacements \u00e0 d\u00e9terminer. La r\u00e9gion d\u00e9l\u00e9guera son \u00e9quipe A dans chaque cas. Si la r\u00e9gion forme plus d\u2019une \u00e9quipe A dans une division donn\u00e9e, un championnat r\u00e9gional d\u00e9terminera l\u2019identit\u00e9 de l\u2019\u00e9quipe d\u00e9l\u00e9gu\u00e9e.<\/span><\/p>\n<p><span lang=\"FR\">\u00a0<\/span><span lang=\"FR\">4. Nos \u00e9quipes r\u00e9gionales f\u00e9minines joueront exclusivement dans la\u00a0<b>Ligue f\u00e9minine de baseball du Qu\u00e9bec (LFBQ)<\/b>. Pr\u00e9voir des d\u00e9placements hors-r\u00e9gion et plusieurs programmes doubles.<\/span><\/p>\n<p><span lang=\"FR\">\u00a0<\/span><span lang=\"FR\">5. Les associations d&rsquo;accueil de nos \u00e9quipes r\u00e9gionales sont \u00e0 d\u00e9terminer. Les joueuses devront se procurer l&rsquo;uniforme r\u00e9gional.<\/span><\/p>\n<p><span lang=\"FR\">6. L\u2019inscription, \u00e0 la saison r\u00e9guli\u00e8re, des filles choisissant le volet f\u00e9minin se fera de mani\u00e8re particuli\u00e8re cette ann\u00e9e. Vous recevrez un courriel \u00e0 cet effet dans les jours \u00e0 venir.<\/span><\/p>\n<p><span lang=\"FR\">\u00a0<\/span><\/p>\n<p>Pour toute question, veuillez contacter Eric Laferriere au 514-697-3089.<\/p>\n<p>[\/vc_column_text][\/vc_column][\/vc_row]<\/p>\n<\/div>","protected":false},"excerpt":{"rendered":"<p>[vc_row][vc_column][vc_column_text] Informations pour la Saison 2026 Les essais pour nos \u00e9quipes r\u00e9gionales f\u00e9minines (nos \u00e9quipes \u00ab\u00a0A\u00a0\u00bb) en divisions 11U, 13U et 15U auront lieu aux dates suivantes: \u00a0Dim 15 mars 8:30-12:30 St. Thomas High School, Pointe-Claire (gymnase inf\u00e9rieur) Sam 21 mars 15:00-19:00 Pierrefonds Community HS Gym Dim 22 mars 15:00-19:00 Pierrefonds Community HS Gym Dim&#8230;<\/p>\n","protected":false},"author":4,"featured_media":0,"parent":0,"menu_order":0,"comment_status":"closed","ping_status":"closed","template":"","meta":{"footnotes":""},"class_list":["post-494","page","type-page","status-publish","hentry"],"_links":{"self":[{"href":"https:\/\/www.baseballwestisland.com\/fr\/wp-json\/wp\/v2\/pages\/494","targetHints":{"allow":["GET"]}}],"collection":[{"href":"https:\/\/www.baseballwestisland.com\/fr\/wp-json\/wp\/v2\/pages"}],"about":[{"href":"https:\/\/www.baseballwestisland.com\/fr\/wp-json\/wp\/v2\/types\/page"}],"author":[{"embeddable":true,"href":"https:\/\/www.baseballwestisland.com\/fr\/wp-json\/wp\/v2\/users\/4"}],"replies":[{"embeddable":true,"href":"https:\/\/www.baseballwestisland.com\/fr\/wp-json\/wp\/v2\/comments?post=494"}],"version-history":[{"count":30,"href":"https:\/\/www.baseballwestisland.com\/fr\/wp-json\/wp\/v2\/pages\/494\/revisions"}],"predecessor-version":[{"id":5241,"href":"https:\/\/www.baseballwestisland.com\/fr\/wp-json\/wp\/v2\/pages\/494\/revisions\/5241"}],"wp:attachment":[{"href":"https:\/\/www.baseballwestisland.com\/fr\/wp-json\/wp\/v2\/media?parent=494"}],"curies":[{"name":"wp","href":"https:\/\/api.w.org\/{rel}","templated":true}]}}